{"id":19695,"date":"2022-03-08T11:11:09","date_gmt":"2022-03-08T10:11:09","guid":{"rendered":"https:\/\/sgae.staging.workingdemos.es\/sgaeri-buruz\/organizacion\/"},"modified":"2024-12-16T15:32:24","modified_gmt":"2024-12-16T14:32:24","slug":"organizacion","status":"publish","type":"page","link":"https:\/\/sgae.staging.workingdemos.es\/eu\/sgaeri-buruz\/organizacion\/","title":{"rendered":"Organizaci\u00f3n y gobierno"},"content":{"rendered":"","protected":false},"excerpt":{"rendered":"","protected":false},"author":1,"featured_media":0,"parent":19667,"menu_order":0,"comment_status":"closed","ping_status":"closed","template":"page-organizacion.php","meta":{"footnotes":""},"class_list":["post-19695","page","type-page","status-publish","hentry"],"yoast_head":"<!-- This site is optimized with the Yoast SEO plugin v27.3 - https:\/\/yoast.com\/product\/yoast-seo-wordpress\/ -->\n<title>Organizaci\u00f3n y gobierno - Nuestro equipo<\/title>\n<meta name=\"description\" content=\"Los \u00f3rganos de gobierno de la SGAE est\u00e1n formados por sus socios, autores y editores elegidos de forma transparente y democr\u00e1tica.\" \/>\n<meta name=\"robots\" content=\"noindex, follow, max-snippet:-1, max-image-preview:large, max-video-preview:-1\" \/>\n<meta property=\"og:locale\" content=\"eu_ES\" \/>\n<meta property=\"og:type\" content=\"article\" \/>\n<meta property=\"og:title\" content=\"Organizaci\u00f3n y gobierno - Nuestro equipo\" \/>\n<meta property=\"og:description\" content=\"Los \u00f3rganos de gobierno de la SGAE est\u00e1n formados por sus socios, autores y editores elegidos de forma transparente y democr\u00e1tica.\" \/>\n<meta property=\"og:url\" content=\"https:\/\/sgae.staging.workingdemos.es\/eu\/sgaeri-buruz\/organizacion\/\" \/>\n<meta property=\"og:site_name\" content=\"Sociedad General de Autores y Editores\" \/>\n<meta property=\"article:modified_time\" content=\"2024-12-16T14:32:24+00:00\" \/>\n<meta name=\"twitter:card\" content=\"summary_large_image\" \/>\n<meta name=\"twitter:label1\" content=\"Est. reading time\" \/>\n\t<meta name=\"twitter:data1\" content=\"8 minutes\" \/>\n<script type=\"application\/ld+json\" class=\"yoast-schema-graph\">{\"@context\":\"https:\\\/\\\/schema.org\",\"@graph\":[{\"@type\":\"WebPage\",\"@id\":\"https:\\\/\\\/sgae.staging.workingdemos.es\\\/eu\\\/sgaeri-buruz\\\/organizacion\\\/\",\"url\":\"https:\\\/\\\/sgae.staging.workingdemos.es\\\/eu\\\/sgaeri-buruz\\\/organizacion\\\/\",\"name\":\"Organizaci\u00f3n y gobierno - Nuestro equipo\",\"isPartOf\":{\"@id\":\"https:\\\/\\\/sgae.staging.workingdemos.es\\\/#website\"},\"datePublished\":\"2022-03-08T10:11:09+00:00\",\"dateModified\":\"2024-12-16T14:32:24+00:00\",\"description\":\"Los \u00f3rganos de gobierno de la SGAE est\u00e1n formados por sus socios, autores y editores elegidos de forma transparente y democr\u00e1tica.\",\"breadcrumb\":{\"@id\":\"https:\\\/\\\/sgae.staging.workingdemos.es\\\/eu\\\/sgaeri-buruz\\\/organizacion\\\/#breadcrumb\"},\"inLanguage\":\"eu-ES\",\"potentialAction\":[{\"@type\":\"ReadAction\",\"target\":[\"https:\\\/\\\/sgae.staging.workingdemos.es\\\/eu\\\/sgaeri-buruz\\\/organizacion\\\/\"]}]},{\"@type\":\"BreadcrumbList\",\"@id\":\"https:\\\/\\\/sgae.staging.workingdemos.es\\\/eu\\\/sgaeri-buruz\\\/organizacion\\\/#breadcrumb\",\"itemListElement\":[{\"@type\":\"ListItem\",\"position\":1,\"name\":\"Portada\",\"item\":\"https:\\\/\\\/sgae.staging.workingdemos.es\\\/eu\\\/\"},{\"@type\":\"ListItem\",\"position\":2,\"name\":\"SGAEri buruz\",\"item\":\"https:\\\/\\\/sgae.staging.workingdemos.es\\\/eu\\\/?page_id=19667\"},{\"@type\":\"ListItem\",\"position\":3,\"name\":\"Organizaci\u00f3n y gobierno\"}]},{\"@type\":\"WebSite\",\"@id\":\"https:\\\/\\\/sgae.staging.workingdemos.es\\\/#website\",\"url\":\"https:\\\/\\\/sgae.staging.workingdemos.es\\\/\",\"name\":\"Sociedad General de Autores y Editores\",\"description\":\"SGAE\",\"potentialAction\":[{\"@type\":\"SearchAction\",\"target\":{\"@type\":\"EntryPoint\",\"urlTemplate\":\"https:\\\/\\\/sgae.staging.workingdemos.es\\\/?s={search_term_string}\"},\"query-input\":{\"@type\":\"PropertyValueSpecification\",\"valueRequired\":true,\"valueName\":\"search_term_string\"}}],\"inLanguage\":\"eu-ES\"}]}<\/script>\n<!-- \/ Yoast SEO plugin. -->","yoast_head_json":{"title":"Organizaci\u00f3n y gobierno - Nuestro equipo","description":"Los \u00f3rganos de gobierno de la SGAE est\u00e1n formados por sus socios, autores y editores elegidos de forma transparente y democr\u00e1tica.","robots":{"index":"noindex","follow":"follow","max-snippet":"max-snippet:-1","max-image-preview":"max-image-preview:large","max-video-preview":"max-video-preview:-1"},"og_locale":"eu_ES","og_type":"article","og_title":"Organizaci\u00f3n y gobierno - Nuestro equipo","og_description":"Los \u00f3rganos de gobierno de la SGAE est\u00e1n formados por sus socios, autores y editores elegidos de forma transparente y democr\u00e1tica.","og_url":"https:\/\/sgae.staging.workingdemos.es\/eu\/sgaeri-buruz\/organizacion\/","og_site_name":"Sociedad General de Autores y Editores","article_modified_time":"2024-12-16T14:32:24+00:00","twitter_card":"summary_large_image","twitter_misc":{"Est. reading time":"8 minutes"},"schema":{"@context":"https:\/\/schema.org","@graph":[{"@type":"WebPage","@id":"https:\/\/sgae.staging.workingdemos.es\/eu\/sgaeri-buruz\/organizacion\/","url":"https:\/\/sgae.staging.workingdemos.es\/eu\/sgaeri-buruz\/organizacion\/","name":"Organizaci\u00f3n y gobierno - Nuestro equipo","isPartOf":{"@id":"https:\/\/sgae.staging.workingdemos.es\/#website"},"datePublished":"2022-03-08T10:11:09+00:00","dateModified":"2024-12-16T14:32:24+00:00","description":"Los \u00f3rganos de gobierno de la SGAE est\u00e1n formados por sus socios, autores y editores elegidos de forma transparente y democr\u00e1tica.","breadcrumb":{"@id":"https:\/\/sgae.staging.workingdemos.es\/eu\/sgaeri-buruz\/organizacion\/#breadcrumb"},"inLanguage":"eu-ES","potentialAction":[{"@type":"ReadAction","target":["https:\/\/sgae.staging.workingdemos.es\/eu\/sgaeri-buruz\/organizacion\/"]}]},{"@type":"BreadcrumbList","@id":"https:\/\/sgae.staging.workingdemos.es\/eu\/sgaeri-buruz\/organizacion\/#breadcrumb","itemListElement":[{"@type":"ListItem","position":1,"name":"Portada","item":"https:\/\/sgae.staging.workingdemos.es\/eu\/"},{"@type":"ListItem","position":2,"name":"SGAEri buruz","item":"https:\/\/sgae.staging.workingdemos.es\/eu\/?page_id=19667"},{"@type":"ListItem","position":3,"name":"Organizaci\u00f3n y gobierno"}]},{"@type":"WebSite","@id":"https:\/\/sgae.staging.workingdemos.es\/#website","url":"https:\/\/sgae.staging.workingdemos.es\/","name":"Sociedad General de Autores y Editores","description":"SGAE","potentialAction":[{"@type":"SearchAction","target":{"@type":"EntryPoint","urlTemplate":"https:\/\/sgae.staging.workingdemos.es\/?s={search_term_string}"},"query-input":{"@type":"PropertyValueSpecification","valueRequired":true,"valueName":"search_term_string"}}],"inLanguage":"eu-ES"}]}},"_links":{"self":[{"href":"https:\/\/sgae.staging.workingdemos.es\/eu\/wp-json\/wp\/v2\/pages\/19695","targetHints":{"allow":["GET"]}}],"collection":[{"href":"https:\/\/sgae.staging.workingdemos.es\/eu\/wp-json\/wp\/v2\/pages"}],"about":[{"href":"https:\/\/sgae.staging.workingdemos.es\/eu\/wp-json\/wp\/v2\/types\/page"}],"author":[{"embeddable":true,"href":"https:\/\/sgae.staging.workingdemos.es\/eu\/wp-json\/wp\/v2\/users\/1"}],"replies":[{"embeddable":true,"href":"https:\/\/sgae.staging.workingdemos.es\/eu\/wp-json\/wp\/v2\/comments?post=19695"}],"version-history":[{"count":1,"href":"https:\/\/sgae.staging.workingdemos.es\/eu\/wp-json\/wp\/v2\/pages\/19695\/revisions"}],"predecessor-version":[{"id":23945,"href":"https:\/\/sgae.staging.workingdemos.es\/eu\/wp-json\/wp\/v2\/pages\/19695\/revisions\/23945"}],"up":[{"embeddable":true,"href":"https:\/\/sgae.staging.workingdemos.es\/eu\/wp-json\/wp\/v2\/pages\/19667"}],"wp:attachment":[{"href":"https:\/\/sgae.staging.workingdemos.es\/eu\/wp-json\/wp\/v2\/media?parent=19695"}],"curies":[{"name":"wp","href":"https:\/\/api.w.org\/{rel}","templated":true}]}}